{"id":2208,"date":"2023-08-30T11:38:29","date_gmt":"2023-08-30T08:38:29","guid":{"rendered":"https:\/\/autodel.ro\/rent-a-car\/?page_id=2208"},"modified":"2023-08-30T13:08:48","modified_gmt":"2023-08-30T10:08:48","slug":"politica-cookies","status":"publish","type":"page","link":"https:\/\/autodel.ro\/rent-a-car\/politica-cookies\/","title":{"rendered":"Politic\u0103 Cookies"},"content":{"rendered":"\t\t<div data-elementor-type=\"wp-page\" data-elementor-id=\"2208\" class=\"elementor elementor-2208\" data-elementor-post-type=\"page\">\n\t\t\t\t\t\t\t\t\t<section class=\"elementor-section elementor-top-section elementor-element elementor-element-c6c734c elementor-section-boxed elementor-section-height-default elementor-section-height-default\" data-id=\"c6c734c\" data-element_type=\"section\" data-settings=\"{&quot;background_background&quot;:&quot;classic&quot;}\">\n\t\t\t\t\t\t<div class=\"elementor-container elementor-column-gap-extended\">\n\t\t\t\t\t<div class=\"elementor-column elementor-col-100 elementor-top-column elementor-element elementor-element-e19efa2 sc_inner_width_none sc_content_align_inherit sc_layouts_column_icons_position_left\" data-id=\"e19efa2\" data-element_type=\"column\">\n\t\t\t<div class=\"elementor-widget-wrap elementor-element-populated\">\n\t\t\t\t\t\t\t\t<div class=\"elementor-element elementor-element-ef77839 sc_fly_static elementor-widget elementor-widget-spacer\" data-id=\"ef77839\" data-element_type=\"widget\" data-widget_type=\"spacer.default\">\n\t\t\t\t<div class=\"elementor-widget-container\">\n\t\t\t\t\t<div class=\"elementor-spacer\">\n\t\t\t<div class=\"elementor-spacer-inner\"><\/div>\n\t\t<\/div>\n\t\t\t\t<\/div>\n\t\t\t\t<\/div>\n\t\t\t\t<div class=\"elementor-element elementor-element-b95e4a9 sc_fly_static elementor-widget elementor-widget-text-editor\" data-id=\"b95e4a9\" data-element_type=\"widget\" data-widget_type=\"text-editor.default\">\n\t\t\t\t<div class=\"elementor-widget-container\">\n\t\t\t\t\t\t\t<h5>ULTIMA ACTUALIZARE: 30.08.2023<\/h5><h5>1.CE SUNT MODULELE COOKIE?<\/h5><p>Modulele cookie sunt fi\u0219iere mici de text care sunt stocate pe dispozitivul dumneavoastr\u0103 (computer, tablet\u0103, telefon mobil) atunci c\u00e2nd vizita\u021bi site-ul nostru. Acestea ne ajut\u0103 s\u0103 v\u0103 oferim o experien\u021b\u0103 mai bun\u0103 \u0219i personalizat\u0103 pe site-ul nostru de \u00eenchiriere auto.<\/p>\t\t\t\t\t\t<\/div>\n\t\t\t\t<\/div>\n\t\t\t\t<div class=\"elementor-element elementor-element-9d5904d sc_fly_static elementor-widget elementor-widget-spacer\" data-id=\"9d5904d\" data-element_type=\"widget\" data-widget_type=\"spacer.default\">\n\t\t\t\t<div class=\"elementor-widget-container\">\n\t\t\t\t\t<div class=\"elementor-spacer\">\n\t\t\t<div class=\"elementor-spacer-inner\"><\/div>\n\t\t<\/div>\n\t\t\t\t<\/div>\n\t\t\t\t<\/div>\n\t\t\t\t\t<\/div>\n\t\t<\/div>\n\t\t\t\t\t\t\t<\/div>\n\t\t<\/section>\n\t\t\t\t<section class=\"elementor-section elementor-top-section elementor-element elementor-element-88dfd1c elementor-section-boxed elementor-section-height-default elementor-section-height-default\" data-id=\"88dfd1c\" data-element_type=\"section\">\n\t\t\t\t\t\t<div class=\"elementor-container elementor-column-gap-extended\">\n\t\t\t\t\t<div class=\"elementor-column elementor-col-100 elementor-top-column elementor-element elementor-element-6d13242 sc_inner_width_none sc_content_align_inherit sc_layouts_column_icons_position_left\" data-id=\"6d13242\" data-element_type=\"column\">\n\t\t\t<div class=\"elementor-widget-wrap elementor-element-populated\">\n\t\t\t\t\t\t\t\t<div class=\"elementor-element elementor-element-890a0ed sc_fly_static elementor-widget elementor-widget-spacer\" data-id=\"890a0ed\" data-element_type=\"widget\" data-widget_type=\"spacer.default\">\n\t\t\t\t<div class=\"elementor-widget-container\">\n\t\t\t\t\t<div class=\"elementor-spacer\">\n\t\t\t<div class=\"elementor-spacer-inner\"><\/div>\n\t\t<\/div>\n\t\t\t\t<\/div>\n\t\t\t\t<\/div>\n\t\t\t\t\t<\/div>\n\t\t<\/div>\n\t\t\t\t\t\t\t<\/div>\n\t\t<\/section>\n\t\t\t\t<section class=\"elementor-section elementor-top-section elementor-element elementor-element-2bbadd7 elementor-section-boxed elementor-section-height-default elementor-section-height-default\" data-id=\"2bbadd7\" data-element_type=\"section\" data-settings=\"{&quot;background_background&quot;:&quot;classic&quot;}\">\n\t\t\t\t\t\t<div class=\"elementor-container elementor-column-gap-extended\">\n\t\t\t\t\t<div class=\"elementor-column elementor-col-100 elementor-top-column elementor-element elementor-element-dcf98fd sc_inner_width_none sc_content_align_inherit sc_layouts_column_icons_position_left\" data-id=\"dcf98fd\" data-element_type=\"column\">\n\t\t\t<div class=\"elementor-widget-wrap elementor-element-populated\">\n\t\t\t\t\t\t\t\t<div class=\"elementor-element elementor-element-146747c sc_fly_static elementor-widget elementor-widget-spacer\" data-id=\"146747c\" data-element_type=\"widget\" data-widget_type=\"spacer.default\">\n\t\t\t\t<div class=\"elementor-widget-container\">\n\t\t\t\t\t<div class=\"elementor-spacer\">\n\t\t\t<div class=\"elementor-spacer-inner\"><\/div>\n\t\t<\/div>\n\t\t\t\t<\/div>\n\t\t\t\t<\/div>\n\t\t\t\t<div class=\"elementor-element elementor-element-f222b27 sc_fly_static elementor-widget elementor-widget-text-editor\" data-id=\"f222b27\" data-element_type=\"widget\" data-widget_type=\"text-editor.default\">\n\t\t\t\t<div class=\"elementor-widget-container\">\n\t\t\t\t\t\t\t<h5>2. CUM UTILIZ\u0102M MODULELE COOKIE?<\/h5><p>Utiliz\u0103m module cookie pentru a:<\/p><ul><li><p><strong>Asigura func\u021bionarea corect\u0103:<\/strong> Acestea sunt necesare pentru ca site-ul nostru s\u0103 func\u021bioneze corespunz\u0103tor. De exemplu, ele v\u0103 ajut\u0103 s\u0103 face\u021bi rezerv\u0103ri \u0219i s\u0103 v\u0103 autentifica\u021bi \u00een contul dvs.<\/p><\/li><li><p><strong>Analiza performan\u021bei:<\/strong> Folosim module cookie pentru a colecta informa\u021bii anonime despre modul \u00een care vizitatorii utilizeaz\u0103 site-ul nostru. Aceste informa\u021bii ne ajut\u0103 s\u0103 \u00een\u021belegem ce func\u021bioneaz\u0103 bine \u0219i ce putem \u00eembun\u0103t\u0103\u021bi.<\/p><\/li><li><p><strong>Personalizarea experien\u021bei:<\/strong> Modulele cookie ne permit s\u0103 v\u0103 oferim con\u021binut \u0219i oferte relevante pentru dvs., \u00een func\u021bie de istoricul dvs. de navigare \u0219i preferin\u021be.<\/p><\/li><\/ul>\t\t\t\t\t\t<\/div>\n\t\t\t\t<\/div>\n\t\t\t\t<div class=\"elementor-element elementor-element-56a1cb6 sc_fly_static elementor-widget elementor-widget-spacer\" data-id=\"56a1cb6\" data-element_type=\"widget\" data-widget_type=\"spacer.default\">\n\t\t\t\t<div class=\"elementor-widget-container\">\n\t\t\t\t\t<div class=\"elementor-spacer\">\n\t\t\t<div class=\"elementor-spacer-inner\"><\/div>\n\t\t<\/div>\n\t\t\t\t<\/div>\n\t\t\t\t<\/div>\n\t\t\t\t\t<\/div>\n\t\t<\/div>\n\t\t\t\t\t\t\t<\/div>\n\t\t<\/section>\n\t\t\t\t<section class=\"elementor-section elementor-top-section elementor-element elementor-element-e006f7c elementor-section-boxed elementor-section-height-default elementor-section-height-default\" data-id=\"e006f7c\" data-element_type=\"section\">\n\t\t\t\t\t\t<div class=\"elementor-container elementor-column-gap-extended\">\n\t\t\t\t\t<div class=\"elementor-column elementor-col-100 elementor-top-column elementor-element elementor-element-6dcf2bb sc_inner_width_none sc_content_align_inherit sc_layouts_column_icons_position_left\" data-id=\"6dcf2bb\" data-element_type=\"column\">\n\t\t\t<div class=\"elementor-widget-wrap elementor-element-populated\">\n\t\t\t\t\t\t\t\t<div class=\"elementor-element elementor-element-8a8b260 sc_fly_static elementor-widget elementor-widget-spacer\" data-id=\"8a8b260\" data-element_type=\"widget\" data-widget_type=\"spacer.default\">\n\t\t\t\t<div class=\"elementor-widget-container\">\n\t\t\t\t\t<div class=\"elementor-spacer\">\n\t\t\t<div class=\"elementor-spacer-inner\"><\/div>\n\t\t<\/div>\n\t\t\t\t<\/div>\n\t\t\t\t<\/div>\n\t\t\t\t\t<\/div>\n\t\t<\/div>\n\t\t\t\t\t\t\t<\/div>\n\t\t<\/section>\n\t\t\t\t<section class=\"elementor-section elementor-top-section elementor-element elementor-element-e574e9a elementor-section-boxed elementor-section-height-default elementor-section-height-default\" data-id=\"e574e9a\" data-element_type=\"section\" data-settings=\"{&quot;background_background&quot;:&quot;classic&quot;}\">\n\t\t\t\t\t\t<div class=\"elementor-container elementor-column-gap-extended\">\n\t\t\t\t\t<div class=\"elementor-column elementor-col-100 elementor-top-column elementor-element elementor-element-b5209dd sc_inner_width_none sc_content_align_inherit sc_layouts_column_icons_position_left\" data-id=\"b5209dd\" data-element_type=\"column\">\n\t\t\t<div class=\"elementor-widget-wrap elementor-element-populated\">\n\t\t\t\t\t\t\t\t<div class=\"elementor-element elementor-element-a988ddf sc_fly_static elementor-widget elementor-widget-spacer\" data-id=\"a988ddf\" data-element_type=\"widget\" data-widget_type=\"spacer.default\">\n\t\t\t\t<div class=\"elementor-widget-container\">\n\t\t\t\t\t<div class=\"elementor-spacer\">\n\t\t\t<div class=\"elementor-spacer-inner\"><\/div>\n\t\t<\/div>\n\t\t\t\t<\/div>\n\t\t\t\t<\/div>\n\t\t\t\t<div class=\"elementor-element elementor-element-a318677 sc_fly_static elementor-widget elementor-widget-text-editor\" data-id=\"a318677\" data-element_type=\"widget\" data-widget_type=\"text-editor.default\">\n\t\t\t\t<div class=\"elementor-widget-container\">\n\t\t\t\t\t\t\t<h5>3. TIPURI DE MODULE COOKIE PE CARE LE UTILIZ\u0102M<\/h5><ul><li><p><strong>Module cookie esen\u021biale:<\/strong> Acestea sunt necesare pentru func\u021bionarea de baz\u0103 a site-ului nostru \u0219i nu pot fi dezactivate \u00een sistemele noastre. Ele sunt de obicei setate numai \u00een urma ac\u021biunilor efectuate de dvs. care se ridic\u0103 la o solicitare de servicii, cum ar fi setarea preferin\u021belor de confiden\u021bialitate, autentificarea sau completarea formularelor.<\/p><\/li><li><p><strong>Module cookie de analiz\u0103: <\/strong>Acestea ne ajut\u0103 s\u0103 \u00een\u021belegem cum interac\u021bioneaz\u0103 vizitatorii cu site-ul nostru, pentru a \u00eembun\u0103t\u0103\u021bi \u00een continuare experien\u021ba.<\/p><\/li><li><p><strong>Module cookie de marketing \u0219i personalizare: <\/strong>Acestea ne permit s\u0103 v\u0103 oferim con\u021binut \u0219i anun\u021buri relevante pentru dvs., bazate pe interesele \u0219i comportamentul dvs de navigare.<\/p><\/li><\/ul>\t\t\t\t\t\t<\/div>\n\t\t\t\t<\/div>\n\t\t\t\t<div class=\"elementor-element elementor-element-5227e0b sc_fly_static elementor-widget elementor-widget-spacer\" data-id=\"5227e0b\" data-element_type=\"widget\" data-widget_type=\"spacer.default\">\n\t\t\t\t<div class=\"elementor-widget-container\">\n\t\t\t\t\t<div class=\"elementor-spacer\">\n\t\t\t<div class=\"elementor-spacer-inner\"><\/div>\n\t\t<\/div>\n\t\t\t\t<\/div>\n\t\t\t\t<\/div>\n\t\t\t\t\t<\/div>\n\t\t<\/div>\n\t\t\t\t\t\t\t<\/div>\n\t\t<\/section>\n\t\t\t\t<section class=\"elementor-section elementor-top-section elementor-element elementor-element-0f794d2 elementor-section-boxed elementor-section-height-default elementor-section-height-default\" data-id=\"0f794d2\" data-element_type=\"section\">\n\t\t\t\t\t\t<div class=\"elementor-container elementor-column-gap-extended\">\n\t\t\t\t\t<div class=\"elementor-column elementor-col-100 elementor-top-column elementor-element elementor-element-0ea7b19 sc_inner_width_none sc_content_align_inherit sc_layouts_column_icons_position_left\" data-id=\"0ea7b19\" data-element_type=\"column\">\n\t\t\t<div class=\"elementor-widget-wrap elementor-element-populated\">\n\t\t\t\t\t\t\t\t<div class=\"elementor-element elementor-element-5369e0a sc_fly_static elementor-widget elementor-widget-spacer\" data-id=\"5369e0a\" data-element_type=\"widget\" data-widget_type=\"spacer.default\">\n\t\t\t\t<div class=\"elementor-widget-container\">\n\t\t\t\t\t<div class=\"elementor-spacer\">\n\t\t\t<div class=\"elementor-spacer-inner\"><\/div>\n\t\t<\/div>\n\t\t\t\t<\/div>\n\t\t\t\t<\/div>\n\t\t\t\t\t<\/div>\n\t\t<\/div>\n\t\t\t\t\t\t\t<\/div>\n\t\t<\/section>\n\t\t\t\t<section class=\"elementor-section elementor-top-section elementor-element elementor-element-6354d5c elementor-section-boxed elementor-section-height-default elementor-section-height-default\" data-id=\"6354d5c\" data-element_type=\"section\" data-settings=\"{&quot;background_background&quot;:&quot;classic&quot;}\">\n\t\t\t\t\t\t<div class=\"elementor-container elementor-column-gap-extended\">\n\t\t\t\t\t<div class=\"elementor-column elementor-col-100 elementor-top-column elementor-element elementor-element-95c8e04 sc_inner_width_none sc_content_align_inherit sc_layouts_column_icons_position_left\" data-id=\"95c8e04\" data-element_type=\"column\">\n\t\t\t<div class=\"elementor-widget-wrap elementor-element-populated\">\n\t\t\t\t\t\t\t\t<div class=\"elementor-element elementor-element-2f36f3b sc_fly_static elementor-widget elementor-widget-spacer\" data-id=\"2f36f3b\" data-element_type=\"widget\" data-widget_type=\"spacer.default\">\n\t\t\t\t<div class=\"elementor-widget-container\">\n\t\t\t\t\t<div class=\"elementor-spacer\">\n\t\t\t<div class=\"elementor-spacer-inner\"><\/div>\n\t\t<\/div>\n\t\t\t\t<\/div>\n\t\t\t\t<\/div>\n\t\t\t\t<div class=\"elementor-element elementor-element-ace4362 sc_fly_static elementor-widget elementor-widget-text-editor\" data-id=\"ace4362\" data-element_type=\"widget\" data-widget_type=\"text-editor.default\">\n\t\t\t\t<div class=\"elementor-widget-container\">\n\t\t\t\t\t\t\t<h5>4. CUM PUTE\u021aI CONTROLA MODULELE COOKIE?<\/h5><p>Pute\u021bi controla \u0219i\/sau \u0219terge modulele cookie \u00een orice moment din set\u0103rile browserului dvs. De\u0219i majoritatea browserele sunt ini\u021bial setate s\u0103 accepte modulele cookie, ave\u021bi posibilitatea s\u0103 modifica\u021bi aceste set\u0103ri pentru a respinge modulele cookie sau pentru a v\u0103 notifica atunci c\u00e2nd sunt trimise module cookie c\u0103tre dispozitivul dvs. Consulta\u021bi sec\u021biunea &#8220;Ajutor&#8221; a browserului dvs. sau site-urile de asisten\u021b\u0103 pentru mai multe informa\u021bii.<\/p>\t\t\t\t\t\t<\/div>\n\t\t\t\t<\/div>\n\t\t\t\t<div class=\"elementor-element elementor-element-94a6102 sc_fly_static elementor-widget elementor-widget-spacer\" data-id=\"94a6102\" data-element_type=\"widget\" data-widget_type=\"spacer.default\">\n\t\t\t\t<div class=\"elementor-widget-container\">\n\t\t\t\t\t<div class=\"elementor-spacer\">\n\t\t\t<div class=\"elementor-spacer-inner\"><\/div>\n\t\t<\/div>\n\t\t\t\t<\/div>\n\t\t\t\t<\/div>\n\t\t\t\t\t<\/div>\n\t\t<\/div>\n\t\t\t\t\t\t\t<\/div>\n\t\t<\/section>\n\t\t\t\t<section class=\"elementor-section elementor-top-section elementor-element elementor-element-c31655b elementor-section-boxed elementor-section-height-default elementor-section-height-default\" data-id=\"c31655b\" data-element_type=\"section\">\n\t\t\t\t\t\t<div class=\"elementor-container elementor-column-gap-extended\">\n\t\t\t\t\t<div class=\"elementor-column elementor-col-100 elementor-top-column elementor-element elementor-element-9b9d7fa sc_inner_width_none sc_content_align_inherit sc_layouts_column_icons_position_left\" data-id=\"9b9d7fa\" data-element_type=\"column\">\n\t\t\t<div class=\"elementor-widget-wrap elementor-element-populated\">\n\t\t\t\t\t\t\t\t<div class=\"elementor-element elementor-element-1b0c728 sc_fly_static elementor-widget elementor-widget-spacer\" data-id=\"1b0c728\" data-element_type=\"widget\" data-widget_type=\"spacer.default\">\n\t\t\t\t<div class=\"elementor-widget-container\">\n\t\t\t\t\t<div class=\"elementor-spacer\">\n\t\t\t<div class=\"elementor-spacer-inner\"><\/div>\n\t\t<\/div>\n\t\t\t\t<\/div>\n\t\t\t\t<\/div>\n\t\t\t\t\t<\/div>\n\t\t<\/div>\n\t\t\t\t\t\t\t<\/div>\n\t\t<\/section>\n\t\t\t\t<section class=\"elementor-section elementor-top-section elementor-element elementor-element-970b6f0 elementor-section-boxed elementor-section-height-default elementor-section-height-default\" data-id=\"970b6f0\" data-element_type=\"section\" data-settings=\"{&quot;background_background&quot;:&quot;classic&quot;}\">\n\t\t\t\t\t\t<div class=\"elementor-container elementor-column-gap-extended\">\n\t\t\t\t\t<div class=\"elementor-column elementor-col-100 elementor-top-column elementor-element elementor-element-f1c192d sc_inner_width_none sc_content_align_inherit sc_layouts_column_icons_position_left\" data-id=\"f1c192d\" data-element_type=\"column\">\n\t\t\t<div class=\"elementor-widget-wrap elementor-element-populated\">\n\t\t\t\t\t\t\t\t<div class=\"elementor-element elementor-element-a75fb98 sc_fly_static elementor-widget elementor-widget-spacer\" data-id=\"a75fb98\" data-element_type=\"widget\" data-widget_type=\"spacer.default\">\n\t\t\t\t<div class=\"elementor-widget-container\">\n\t\t\t\t\t<div class=\"elementor-spacer\">\n\t\t\t<div class=\"elementor-spacer-inner\"><\/div>\n\t\t<\/div>\n\t\t\t\t<\/div>\n\t\t\t\t<\/div>\n\t\t\t\t<div class=\"elementor-element elementor-element-ea31cb7 sc_fly_static elementor-widget elementor-widget-text-editor\" data-id=\"ea31cb7\" data-element_type=\"widget\" data-widget_type=\"text-editor.default\">\n\t\t\t\t<div class=\"elementor-widget-container\">\n\t\t\t\t\t\t\t<h5>5. CONTACT<\/h5><p>Pentru orice \u00eentreb\u0103ri sau nel\u0103muriri legate de politica noastr\u0103 de cookies, v\u0103 rug\u0103m s\u0103 ne contacta\u021bi.<\/p>\t\t\t\t\t\t<\/div>\n\t\t\t\t<\/div>\n\t\t\t\t<div class=\"elementor-element elementor-element-18c10ca sc_fly_static elementor-widget elementor-widget-spacer\" data-id=\"18c10ca\" data-element_type=\"widget\" data-widget_type=\"spacer.default\">\n\t\t\t\t<div class=\"elementor-widget-container\">\n\t\t\t\t\t<div class=\"elementor-spacer\">\n\t\t\t<div class=\"elementor-spacer-inner\"><\/div>\n\t\t<\/div>\n\t\t\t\t<\/div>\n\t\t\t\t<\/div>\n\t\t\t\t\t<\/div>\n\t\t<\/div>\n\t\t\t\t\t\t\t<\/div>\n\t\t<\/section>\n\t\t\t\t<section class=\"elementor-section elementor-top-section elementor-element elementor-element-d2f749c elementor-section-boxed elementor-section-height-default elementor-section-height-default\" data-id=\"d2f749c\" data-element_type=\"section\">\n\t\t\t\t\t\t<div class=\"elementor-container elementor-column-gap-extended\">\n\t\t\t\t\t<div class=\"elementor-column elementor-col-100 elementor-top-column elementor-element elementor-element-b232249 sc_inner_width_none sc_content_align_inherit sc_layouts_column_icons_position_left\" data-id=\"b232249\" data-element_type=\"column\">\n\t\t\t<div class=\"elementor-widget-wrap elementor-element-populated\">\n\t\t\t\t\t\t\t\t<div class=\"elementor-element elementor-element-5284526 sc_fly_static elementor-widget elementor-widget-spacer\" data-id=\"5284526\" data-element_type=\"widget\" data-widget_type=\"spacer.default\">\n\t\t\t\t<div class=\"elementor-widget-container\">\n\t\t\t\t\t<div class=\"elementor-spacer\">\n\t\t\t<div class=\"elementor-spacer-inner\"><\/div>\n\t\t<\/div>\n\t\t\t\t<\/div>\n\t\t\t\t<\/div>\n\t\t\t\t\t<\/div>\n\t\t<\/div>\n\t\t\t\t\t\t\t<\/div>\n\t\t<\/section>\n\t\t\t\t\t\t\t<\/div>\n\t\t","protected":false},"excerpt":{"rendered":"<p>ULTIMA ACTUALIZARE: 30.08.2023 1.CE SUNT MODULELE COOKIE? Modulele cookie sunt fi\u0219iere mici de text care sunt stocate pe dispozitivul dumneavoastr\u0103 (computer, tablet\u0103, telefon mobil) atunci c\u00e2nd vizita\u021bi site-ul nostru. Acestea ne ajut\u0103&hellip;<\/p>\n","protected":false},"author":4,"featured_media":0,"parent":0,"menu_order":0,"comment_status":"closed","ping_status":"closed","template":"","meta":{"footnotes":""},"class_list":["post-2208","page","type-page","status-publish","hentry"],"yoast_head":"<!-- This site is optimized with the Yoast SEO plugin v21.0 - https:\/\/yoast.com\/wordpress\/plugins\/seo\/ -->\n<title>Politic\u0103 Cookies - Autodel<\/title>\n<meta name=\"robots\" content=\"noindex, follow\" \/>\n<meta property=\"og:locale\" content=\"ro_RO\" \/>\n<meta property=\"og:type\" content=\"article\" \/>\n<meta property=\"og:title\" content=\"Politic\u0103 Cookies - Autodel\" \/>\n<meta property=\"og:description\" content=\"ULTIMA ACTUALIZARE: 30.08.2023 1.CE SUNT MODULELE COOKIE? Modulele cookie sunt fi\u0219iere mici de text care sunt stocate pe dispozitivul dumneavoastr\u0103 (computer, tablet\u0103, telefon mobil) atunci c\u00e2nd vizita\u021bi site-ul nostru. Acestea ne ajut\u0103&hellip;\" \/>\n<meta property=\"og:url\" content=\"https:\/\/autodel.ro\/rent-a-car\/politica-cookies\/\" \/>\n<meta property=\"og:site_name\" content=\"Autodel\" \/>\n<meta property=\"article:modified_time\" content=\"2023-08-30T10:08:48+00:00\" \/>\n<meta name=\"twitter:card\" content=\"summary_large_image\" \/>\n<meta name=\"twitter:label1\" content=\"Timp estimat pentru citire\" \/>\n\t<meta name=\"twitter:data1\" content=\"2 minute\" \/>\n<script type=\"application\/ld+json\" class=\"yoast-schema-graph\">{\"@context\":\"https:\/\/schema.org\",\"@graph\":[{\"@type\":\"WebPage\",\"@id\":\"https:\/\/autodel.ro\/rent-a-car\/politica-cookies\/\",\"url\":\"https:\/\/autodel.ro\/rent-a-car\/politica-cookies\/\",\"name\":\"Politic\u0103 Cookies - Autodel\",\"isPartOf\":{\"@id\":\"https:\/\/autodel.ro\/rent-a-car\/#website\"},\"datePublished\":\"2023-08-30T08:38:29+00:00\",\"dateModified\":\"2023-08-30T10:08:48+00:00\",\"breadcrumb\":{\"@id\":\"https:\/\/autodel.ro\/rent-a-car\/politica-cookies\/#breadcrumb\"},\"inLanguage\":\"ro-RO\",\"potentialAction\":[{\"@type\":\"ReadAction\",\"target\":[\"https:\/\/autodel.ro\/rent-a-car\/politica-cookies\/\"]}]},{\"@type\":\"BreadcrumbList\",\"@id\":\"https:\/\/autodel.ro\/rent-a-car\/politica-cookies\/#breadcrumb\",\"itemListElement\":[{\"@type\":\"ListItem\",\"position\":1,\"name\":\"Prima pagin\u0103\",\"item\":\"https:\/\/autodel.ro\/rent-a-car\/\"},{\"@type\":\"ListItem\",\"position\":2,\"name\":\"Politic\u0103 Cookies\"}]},{\"@type\":\"WebSite\",\"@id\":\"https:\/\/autodel.ro\/rent-a-car\/#website\",\"url\":\"https:\/\/autodel.ro\/rent-a-car\/\",\"name\":\"Autodel\",\"description\":\"Rent a car\",\"publisher\":{\"@id\":\"https:\/\/autodel.ro\/rent-a-car\/#organization\"},\"potentialAction\":[{\"@type\":\"SearchAction\",\"target\":{\"@type\":\"EntryPoint\",\"urlTemplate\":\"https:\/\/autodel.ro\/rent-a-car\/?s={search_term_string}\"},\"query-input\":\"required name=search_term_string\"}],\"inLanguage\":\"ro-RO\"},{\"@type\":\"Organization\",\"@id\":\"https:\/\/autodel.ro\/rent-a-car\/#organization\",\"name\":\"Autodel\",\"url\":\"https:\/\/autodel.ro\/rent-a-car\/\",\"logo\":{\"@type\":\"ImageObject\",\"inLanguage\":\"ro-RO\",\"@id\":\"https:\/\/autodel.ro\/rent-a-car\/#\/schema\/logo\/image\/\",\"url\":\"https:\/\/autodel.ro\/rent-a-car\/wp-content\/uploads\/2023\/06\/logo-autodel-03.png\",\"contentUrl\":\"https:\/\/autodel.ro\/rent-a-car\/wp-content\/uploads\/2023\/06\/logo-autodel-03.png\",\"width\":955,\"height\":368,\"caption\":\"Autodel\"},\"image\":{\"@id\":\"https:\/\/autodel.ro\/rent-a-car\/#\/schema\/logo\/image\/\"}}]}<\/script>\n<!-- \/ Yoast SEO plugin. -->","yoast_head_json":{"title":"Politic\u0103 Cookies - Autodel","robots":{"index":"noindex","follow":"follow"},"og_locale":"ro_RO","og_type":"article","og_title":"Politic\u0103 Cookies - Autodel","og_description":"ULTIMA ACTUALIZARE: 30.08.2023 1.CE SUNT MODULELE COOKIE? Modulele cookie sunt fi\u0219iere mici de text care sunt stocate pe dispozitivul dumneavoastr\u0103 (computer, tablet\u0103, telefon mobil) atunci c\u00e2nd vizita\u021bi site-ul nostru. Acestea ne ajut\u0103&hellip;","og_url":"https:\/\/autodel.ro\/rent-a-car\/politica-cookies\/","og_site_name":"Autodel","article_modified_time":"2023-08-30T10:08:48+00:00","twitter_card":"summary_large_image","twitter_misc":{"Timp estimat pentru citire":"2 minute"},"schema":{"@context":"https:\/\/schema.org","@graph":[{"@type":"WebPage","@id":"https:\/\/autodel.ro\/rent-a-car\/politica-cookies\/","url":"https:\/\/autodel.ro\/rent-a-car\/politica-cookies\/","name":"Politic\u0103 Cookies - Autodel","isPartOf":{"@id":"https:\/\/autodel.ro\/rent-a-car\/#website"},"datePublished":"2023-08-30T08:38:29+00:00","dateModified":"2023-08-30T10:08:48+00:00","breadcrumb":{"@id":"https:\/\/autodel.ro\/rent-a-car\/politica-cookies\/#breadcrumb"},"inLanguage":"ro-RO","potentialAction":[{"@type":"ReadAction","target":["https:\/\/autodel.ro\/rent-a-car\/politica-cookies\/"]}]},{"@type":"BreadcrumbList","@id":"https:\/\/autodel.ro\/rent-a-car\/politica-cookies\/#breadcrumb","itemListElement":[{"@type":"ListItem","position":1,"name":"Prima pagin\u0103","item":"https:\/\/autodel.ro\/rent-a-car\/"},{"@type":"ListItem","position":2,"name":"Politic\u0103 Cookies"}]},{"@type":"WebSite","@id":"https:\/\/autodel.ro\/rent-a-car\/#website","url":"https:\/\/autodel.ro\/rent-a-car\/","name":"Autodel","description":"Rent a car","publisher":{"@id":"https:\/\/autodel.ro\/rent-a-car\/#organization"},"potentialAction":[{"@type":"SearchAction","target":{"@type":"EntryPoint","urlTemplate":"https:\/\/autodel.ro\/rent-a-car\/?s={search_term_string}"},"query-input":"required name=search_term_string"}],"inLanguage":"ro-RO"},{"@type":"Organization","@id":"https:\/\/autodel.ro\/rent-a-car\/#organization","name":"Autodel","url":"https:\/\/autodel.ro\/rent-a-car\/","logo":{"@type":"ImageObject","inLanguage":"ro-RO","@id":"https:\/\/autodel.ro\/rent-a-car\/#\/schema\/logo\/image\/","url":"https:\/\/autodel.ro\/rent-a-car\/wp-content\/uploads\/2023\/06\/logo-autodel-03.png","contentUrl":"https:\/\/autodel.ro\/rent-a-car\/wp-content\/uploads\/2023\/06\/logo-autodel-03.png","width":955,"height":368,"caption":"Autodel"},"image":{"@id":"https:\/\/autodel.ro\/rent-a-car\/#\/schema\/logo\/image\/"}}]}},"_links":{"self":[{"href":"https:\/\/autodel.ro\/rent-a-car\/wp-json\/wp\/v2\/pages\/2208","targetHints":{"allow":["GET"]}}],"collection":[{"href":"https:\/\/autodel.ro\/rent-a-car\/wp-json\/wp\/v2\/pages"}],"about":[{"href":"https:\/\/autodel.ro\/rent-a-car\/wp-json\/wp\/v2\/types\/page"}],"author":[{"embeddable":true,"href":"https:\/\/autodel.ro\/rent-a-car\/wp-json\/wp\/v2\/users\/4"}],"replies":[{"embeddable":true,"href":"https:\/\/autodel.ro\/rent-a-car\/wp-json\/wp\/v2\/comments?post=2208"}],"version-history":[{"count":13,"href":"https:\/\/autodel.ro\/rent-a-car\/wp-json\/wp\/v2\/pages\/2208\/revisions"}],"predecessor-version":[{"id":2224,"href":"https:\/\/autodel.ro\/rent-a-car\/wp-json\/wp\/v2\/pages\/2208\/revisions\/2224"}],"wp:attachment":[{"href":"https:\/\/autodel.ro\/rent-a-car\/wp-json\/wp\/v2\/media?parent=2208"}],"curies":[{"name":"wp","href":"https:\/\/api.w.org\/{rel}","templated":true}]}}